{"id":41,"date":"2022-12-29T09:33:57","date_gmt":"2022-12-29T09:33:57","guid":{"rendered":"https:\/\/themepanthers.com\/wp\/vankine\/v1\/?page_id=41"},"modified":"2023-09-14T15:37:01","modified_gmt":"2023-09-14T15:37:01","slug":"faqs","status":"publish","type":"page","link":"https:\/\/federale-constructeurs.org\/index.php\/faqs\/","title":{"rendered":"Faq&#8217;s"},"content":{"rendered":"\t\t<div data-elementor-type=\"wp-page\" data-elementor-id=\"41\" class=\"elementor elementor-41\">\n\t\t\t\t\t\t\t\t\t<section class=\"elementor-section elementor-top-section elementor-element elementor-element-6e50a71 elementor-section-content-middle elementor-section-boxed elementor-section-height-default elementor-section-height-default\" data-id=\"6e50a71\" data-element_type=\"section\">\n\t\t\t\t\t\t<div class=\"elementor-container elementor-column-gap-default\">\n\t\t\t\t\t<div class=\"elementor-column elementor-col-50 elementor-top-column elementor-element elementor-element-5bcda22\" data-id=\"5bcda22\" data-element_type=\"column\">\n\t\t\t<div class=\"elementor-widget-wrap elementor-element-populated\">\n\t\t\t\t\t\t\t\t<div class=\"elementor-element elementor-element-b4dbe90 elementor-invisible elementor-widget elementor-widget-vankine-title-v1\" data-id=\"b4dbe90\" data-element_type=\"widget\" data-settings=\"{&quot;_animation&quot;:&quot;fadeInUp&quot;}\" data-widget_type=\"vankine-title-v1.default\">\n\t\t\t\t<div class=\"elementor-widget-container\">\n\t\t\t                    <div class=\"section_title type_one\">\r\n                            <h4 class=\"sm_title\"> Foire aux questions<\/h4>\r\n                                        <div class=\"title_whole\">\r\n                                            <h2 class=\"title\"> Comment nous fonctionnons ?  <\/h2>\r\n                                    <\/div>\r\n                                <\/div>\r\n            \r\n\r\n    \t\t<\/div>\n\t\t\t\t<\/div>\n\t\t\t\t<div class=\"elementor-element elementor-element-69cdcf0 elementor-invisible elementor-widget elementor-widget-vankine-text-editor-v1\" data-id=\"69cdcf0\" data-element_type=\"widget\" data-settings=\"{&quot;_animation&quot;:&quot;fadeInUp&quot;}\" data-widget_type=\"vankine-text-editor-v1.default\">\n\t\t\t\t<div class=\"elementor-widget-container\">\n\t\t\t   <div class=\"position-relative position_p_relative\">\r\n        <p>Retrouvez ci-dessous quelques questions et r\u00e9ponses que nous pose g\u00e9n\u00e9ralement nos clients et prospects.<\/p>    <\/div>\r\n\t\t<\/div>\n\t\t\t\t<\/div>\n\t\t\t\t<div class=\"elementor-element elementor-element-1b6b938 elementor-invisible elementor-widget elementor-widget-vankine-faqs-v1\" data-id=\"1b6b938\" data-element_type=\"widget\" data-settings=\"{&quot;_animation&quot;:&quot;fadeInUp&quot;}\" data-widget_type=\"vankine-faqs-v1.default\">\n\t\t\t\t<div class=\"elementor-widget-container\">\n\t\t\t \r\n \r\n   <section class=\"block_faq\">\r\n      <div class=\"accordion\">\r\n                    <div class=\"question  faq_header active\">\r\n                <div class=\"question_box \">\r\n                    <div class=\"title_no_a_18 trans\">Comment nous contacter ?<\/div>\r\n                    <span class=\"icon_fq trans fi-rs-arrow-small-right\"><\/span>\r\n                <\/div>\r\n            <\/div>\r\n            <div class=\"answer accordion-content\"   style=\"display:block;\" >\r\n                Vous avez un projet ou vous voulez avoir des information sur nos offres ? Allez dans l'onglet contact et remplissez le formulaire pour nous laisser un message ou contactez nous directement par t\u00e9l\u00e9phone            <\/div> \r\n                    <div class=\"question  faq_header \">\r\n                <div class=\"question_box \">\r\n                    <div class=\"title_no_a_18 trans\">Quel est votre engagement ?<\/div>\r\n                    <span class=\"icon_fq trans fi-rs-arrow-small-right\"><\/span>\r\n                <\/div>\r\n            <\/div>\r\n            <div class=\"answer accordion-content\"  >\r\n                A la Soci\u00e9t\u00e9 F\u00e9d\u00e9rale des Constructeurs Ivoiriens , nous sommes d\u00e9termin\u00e9s \u00e0 fournir des services de premier ordre \u00e0 nos clients car comme le dit l\u2019adage : &lt;&gt; , notre joie est de vous voir \u00e9panouie et satisfait... Comme  la perfection est n\u00f4tre ADN, c\u2019est  pourquoi nous avions ax\u00e9e n\u00f4tre approche client  sur ces points focaux que sont : la satisfaction de la client\u00e8le, la qualit\u00e9 des travaux, le respect de nos engagements en posant des actes responsables, puis le respect de l'environnement. \nCeci dit, Nous mettons en \u0153uvre les meilleures pratiques du secteur pour assurer la s\u00e9curit\u00e9 de nos collaborateurs, de nos clients et des communaut\u00e9s dans lesquelles nous op\u00e9rons.\n            <\/div> \r\n                    <div class=\"question  faq_header \">\r\n                <div class=\"question_box \">\r\n                    <div class=\"title_no_a_18 trans\">Quelle est votre \u00e9quipe ?<\/div>\r\n                    <span class=\"icon_fq trans fi-rs-arrow-small-right\"><\/span>\r\n                <\/div>\r\n            <\/div>\r\n            <div class=\"answer accordion-content\"  >\r\n                Notre entreprise est compos\u00e9e d'une \u00e9quipe comp\u00e9tente et d\u00e9vou\u00e9e. Nos experts poss\u00e8dent une exp\u00e9rience significative dans l'industrie du BTP et sont en mesure de relever les d\u00e9fis les plus complexes. Adoptant une politique de management dans laquelle l\u2019humain par ricochet le collaborateur est mis  au socle de la cha\u00eene de valeur,  Nous sommes fiers de hisser l\u2019esprit d'\u00e9quipe, fier de la synergie \u00e0 collaborer avec nos clients pour r\u00e9aliser leurs projets brillamment.\n            <\/div> \r\n              <\/div>\r\n   <\/section>\r\n \r\n\t\t<\/div>\n\t\t\t\t<\/div>\n\t\t\t\t\t<\/div>\n\t\t<\/div>\n\t\t\t\t<div class=\"elementor-column elementor-col-50 elementor-top-column elementor-element elementor-element-7ec48a1\" data-id=\"7ec48a1\" data-element_type=\"column\">\n\t\t\t<div class=\"elementor-widget-wrap elementor-element-populated\">\n\t\t\t\t\t\t\t\t<div class=\"elementor-element elementor-element-860919c elementor-invisible elementor-widget elementor-widget-vankine-image-box-v1\" data-id=\"860919c\" data-element_type=\"widget\" data-settings=\"{&quot;_animation&quot;:&quot;fadeInUp&quot;}\" data-widget_type=\"vankine-image-box-v1.default\">\n\t\t\t\t<div class=\"elementor-widget-container\">\n\t\t\t        \r\n                <div class=\"image_box_only  type_three\">\r\n        <div class=\"left\">\r\n                            <div class=\"image one\">\r\n                    <img decoding=\"async\" src=\"https:\/\/federale-constructeurs.org\/wp-content\/uploads\/2023\/09\/about-2-1-min.jpg\" alt=\"img\" \/>\r\n                <\/div>\r\n                   \r\n                            <div class=\"image two\">\r\n                    <img decoding=\"async\" src=\"https:\/\/federale-constructeurs.org\/wp-content\/uploads\/2023\/09\/about-2-3-min.jpg\" alt=\"img\" \/>\r\n                <\/div>\r\n               \r\n        <\/div> \r\n        <div class=\"right\">\r\n                            <div class=\"image three\">\r\n                    <img decoding=\"async\" src=\"https:\/\/federale-constructeurs.org\/wp-content\/uploads\/2023\/09\/about-2-2-min.jpg\" alt=\"img\" \/>\r\n                <\/div>\r\n                   \r\n        <\/div>\r\n    <\/div> \r\n            \r\n\r\n    \t\t<\/div>\n\t\t\t\t<\/div>\n\t\t\t\t\t<\/div>\n\t\t<\/div>\n\t\t\t\t\t\t\t<\/div>\n\t\t<\/section>\n\t\t\t\t\t\t\t<\/div>\n\t\t","protected":false},"excerpt":{"rendered":"<p>Foire aux questions Comment nous fonctionnons ? Retrouvez ci-dessous quelques questions et r\u00e9ponses que nous pose g\u00e9n\u00e9ralement nos clients et prospects. Comment nous contacter ? Vous avez un projet ou vous voulez avoir des information sur nos offres ? Allez dans l&#8217;onglet contact et remplissez le formulaire pour nous laisser un message ou contactez nous [&hellip;]<\/p>\n","protected":false},"author":2,"featured_media":0,"parent":0,"menu_order":0,"comment_status":"closed","ping_status":"closed","template":"template-fullwidth.php","meta":{"footnotes":""},"_links":{"self":[{"href":"https:\/\/federale-constructeurs.org\/index.php\/wp-json\/wp\/v2\/pages\/41"}],"collection":[{"href":"https:\/\/federale-constructeurs.org\/index.php\/wp-json\/wp\/v2\/pages"}],"about":[{"href":"https:\/\/federale-constructeurs.org\/index.php\/wp-json\/wp\/v2\/types\/page"}],"author":[{"embeddable":true,"href":"https:\/\/federale-constructeurs.org\/index.php\/wp-json\/wp\/v2\/users\/2"}],"replies":[{"embeddable":true,"href":"https:\/\/federale-constructeurs.org\/index.php\/wp-json\/wp\/v2\/comments?post=41"}],"version-history":[{"count":11,"href":"https:\/\/federale-constructeurs.org\/index.php\/wp-json\/wp\/v2\/pages\/41\/revisions"}],"predecessor-version":[{"id":4746,"href":"https:\/\/federale-constructeurs.org\/index.php\/wp-json\/wp\/v2\/pages\/41\/revisions\/4746"}],"wp:attachment":[{"href":"https:\/\/federale-constructeurs.org\/index.php\/wp-json\/wp\/v2\/media?parent=41"}],"curies":[{"name":"wp","href":"https:\/\/api.w.org\/{rel}","templated":true}]}}